{"id":11470,"date":"2024-05-24T08:00:00","date_gmt":"2024-05-24T06:00:00","guid":{"rendered":"https:\/\/insights.smile.bi\/wszystkie-spostrzezenia\/case-studies-whitepapers\/"},"modified":"2025-07-11T17:12:46","modified_gmt":"2025-07-11T15:12:46","slug":"case-studies-whitepapers","status":"publish","type":"page","link":"https:\/\/dev.insights.smile.bi\/pl\/wszystkie-spostrzezenia\/case-studies-whitepapers\/","title":{"rendered":"Bia\u0142e ksi\u0119gi, studia przypadk\u00f3w i nie tylko"},"content":{"rendered":" <div class=\"read-more-button-wrap\"><a href=\"https:\/\/dev.insights.smile.bi\/pl\/wszystkie-spostrzezenia\/case-studies-whitepapers\/\" class=\"more-link\"><span class=\"faux-button\">(wi\u0119cej&hellip;)<\/span> <span class=\"screen-reader-text\">\"Bia\u0142e ksi\u0119gi, studia przypadk\u00f3w i nie tylko\"<\/span><\/a><\/div>","protected":false},"excerpt":{"rendered":"<p>(wi\u0119cej&hellip;) &#8222;Bia\u0142e ksi\u0119gi, studia przypadk\u00f3w i nie tylko&#8221;<\/p>\n","protected":false},"author":41,"featured_media":0,"parent":8091,"menu_order":2,"comment_status":"closed","ping_status":"closed","template":"","meta":{"footnotes":""},"class_list":["post-11470","page","type-page","status-publish","hentry"],"yoast_head":"<!-- This site is optimized with the Yoast SEO plugin v25.1 - https:\/\/yoast.com\/wordpress\/plugins\/seo\/ -->\n<title>Bia\u0142e ksi\u0119gi, studia przypadk\u00f3w i nie tylko - Smile Insights+<\/title>\n<meta name=\"robots\" content=\"index, follow, max-snippet:-1, max-image-preview:large, max-video-preview:-1\" \/>\n<link rel=\"canonical\" href=\"https:\/\/dev.insights.smile.bi\/pl\/wszystkie-spostrzezenia\/case-studies-whitepapers\/\" \/>\n<meta property=\"og:locale\" content=\"pl_PL\" \/>\n<meta property=\"og:type\" content=\"article\" \/>\n<meta property=\"og:title\" content=\"Bia\u0142e ksi\u0119gi, studia przypadk\u00f3w i nie tylko - Smile Insights+\" \/>\n<meta property=\"og:description\" content=\"(wi\u0119cej&hellip;) &quot;Bia\u0142e ksi\u0119gi, studia przypadk\u00f3w i nie tylko&quot;\" \/>\n<meta property=\"og:url\" content=\"https:\/\/dev.insights.smile.bi\/pl\/wszystkie-spostrzezenia\/case-studies-whitepapers\/\" \/>\n<meta property=\"og:site_name\" content=\"Smile Insights+\" \/>\n<meta property=\"article:modified_time\" content=\"2025-07-11T15:12:46+00:00\" \/>\n<meta property=\"og:image\" content=\"https:\/\/insights.smile.bi\/wp-content\/uploads\/2024\/05\/SAI_CaseStudy_AI_1920x1080px-2-1440x810.jpg\" \/>\n<meta name=\"twitter:card\" content=\"summary_large_image\" \/>\n<meta name=\"twitter:label1\" content=\"Szacowany czas czytania\" \/>\n\t<meta name=\"twitter:data1\" content=\"1 minuta\" \/>\n<script type=\"application\/ld+json\" class=\"yoast-schema-graph\">{\"@context\":\"https:\/\/schema.org\",\"@graph\":[{\"@type\":\"WebPage\",\"@id\":\"https:\/\/dev.insights.smile.bi\/pl\/wszystkie-spostrzezenia\/case-studies-whitepapers\/\",\"url\":\"https:\/\/dev.insights.smile.bi\/pl\/wszystkie-spostrzezenia\/case-studies-whitepapers\/\",\"name\":\"Bia\u0142e ksi\u0119gi, studia przypadk\u00f3w i nie tylko - Smile Insights+\",\"isPartOf\":{\"@id\":\"https:\/\/dev.insights.smile.bi\/pl\/#website\"},\"primaryImageOfPage\":{\"@id\":\"https:\/\/dev.insights.smile.bi\/pl\/wszystkie-spostrzezenia\/case-studies-whitepapers\/#primaryimage\"},\"image\":{\"@id\":\"https:\/\/dev.insights.smile.bi\/pl\/wszystkie-spostrzezenia\/case-studies-whitepapers\/#primaryimage\"},\"thumbnailUrl\":\"https:\/\/insights.smile.bi\/wp-content\/uploads\/2024\/05\/SAI_CaseStudy_AI_1920x1080px-2-1440x810.jpg\",\"datePublished\":\"2024-05-24T06:00:00+00:00\",\"dateModified\":\"2025-07-11T15:12:46+00:00\",\"breadcrumb\":{\"@id\":\"https:\/\/dev.insights.smile.bi\/pl\/wszystkie-spostrzezenia\/case-studies-whitepapers\/#breadcrumb\"},\"inLanguage\":\"pl-PL\",\"potentialAction\":[{\"@type\":\"ReadAction\",\"target\":[\"https:\/\/dev.insights.smile.bi\/pl\/wszystkie-spostrzezenia\/case-studies-whitepapers\/\"]}]},{\"@type\":\"ImageObject\",\"inLanguage\":\"pl-PL\",\"@id\":\"https:\/\/dev.insights.smile.bi\/pl\/wszystkie-spostrzezenia\/case-studies-whitepapers\/#primaryimage\",\"url\":\"https:\/\/insights.smile.bi\/wp-content\/uploads\/2024\/05\/SAI_CaseStudy_AI_1920x1080px-2-1440x810.jpg\",\"contentUrl\":\"https:\/\/insights.smile.bi\/wp-content\/uploads\/2024\/05\/SAI_CaseStudy_AI_1920x1080px-2-1440x810.jpg\"},{\"@type\":\"BreadcrumbList\",\"@id\":\"https:\/\/dev.insights.smile.bi\/pl\/wszystkie-spostrzezenia\/case-studies-whitepapers\/#breadcrumb\",\"itemListElement\":[{\"@type\":\"ListItem\",\"position\":1,\"name\":\"Startseite\",\"item\":\"https:\/\/dev.insights.smile.bi\/pl\/\"},{\"@type\":\"ListItem\",\"position\":2,\"name\":\"Wszystkie spostrze\u017cenia\",\"item\":\"https:\/\/dev.insights.smile.bi\/pl\/alle-insights\/\"},{\"@type\":\"ListItem\",\"position\":3,\"name\":\"Bia\u0142e ksi\u0119gi, studia przypadk\u00f3w i nie tylko\"}]},{\"@type\":\"WebSite\",\"@id\":\"https:\/\/dev.insights.smile.bi\/pl\/#website\",\"url\":\"https:\/\/dev.insights.smile.bi\/pl\/\",\"name\":\"Smile Insights+\",\"description\":\"Centrum wiedzy Grupy Kaske\",\"publisher\":{\"@id\":\"https:\/\/dev.insights.smile.bi\/pl\/#organization\"},\"potentialAction\":[{\"@type\":\"SearchAction\",\"target\":{\"@type\":\"EntryPoint\",\"urlTemplate\":\"https:\/\/dev.insights.smile.bi\/pl\/?s={search_term_string}\"},\"query-input\":{\"@type\":\"PropertyValueSpecification\",\"valueRequired\":true,\"valueName\":\"search_term_string\"}}],\"inLanguage\":\"pl-PL\"},{\"@type\":\"Organization\",\"@id\":\"https:\/\/dev.insights.smile.bi\/pl\/#organization\",\"name\":\"Smile BI GmbH\",\"url\":\"https:\/\/dev.insights.smile.bi\/pl\/\",\"logo\":{\"@type\":\"ImageObject\",\"inLanguage\":\"pl-PL\",\"@id\":\"https:\/\/dev.insights.smile.bi\/pl\/#\/schema\/logo\/image\/\",\"url\":\"https:\/\/insights.smile.bi\/wp-content\/uploads\/2021\/12\/Smile_BI-Logo.png\",\"contentUrl\":\"https:\/\/insights.smile.bi\/wp-content\/uploads\/2021\/12\/Smile_BI-Logo.png\",\"width\":728,\"height\":190,\"caption\":\"Smile BI GmbH\"},\"image\":{\"@id\":\"https:\/\/dev.insights.smile.bi\/pl\/#\/schema\/logo\/image\/\"}}]}<\/script>\n<!-- \/ Yoast SEO plugin. -->","yoast_head_json":{"title":"Bia\u0142e ksi\u0119gi, studia przypadk\u00f3w i nie tylko - Smile Insights+","robots":{"index":"index","follow":"follow","max-snippet":"max-snippet:-1","max-image-preview":"max-image-preview:large","max-video-preview":"max-video-preview:-1"},"canonical":"https:\/\/dev.insights.smile.bi\/pl\/wszystkie-spostrzezenia\/case-studies-whitepapers\/","og_locale":"pl_PL","og_type":"article","og_title":"Bia\u0142e ksi\u0119gi, studia przypadk\u00f3w i nie tylko - Smile Insights+","og_description":"(wi\u0119cej&hellip;) \"Bia\u0142e ksi\u0119gi, studia przypadk\u00f3w i nie tylko\"","og_url":"https:\/\/dev.insights.smile.bi\/pl\/wszystkie-spostrzezenia\/case-studies-whitepapers\/","og_site_name":"Smile Insights+","article_modified_time":"2025-07-11T15:12:46+00:00","og_image":[{"url":"https:\/\/insights.smile.bi\/wp-content\/uploads\/2024\/05\/SAI_CaseStudy_AI_1920x1080px-2-1440x810.jpg","type":"","width":"","height":""}],"twitter_card":"summary_large_image","twitter_misc":{"Szacowany czas czytania":"1 minuta"},"schema":{"@context":"https:\/\/schema.org","@graph":[{"@type":"WebPage","@id":"https:\/\/dev.insights.smile.bi\/pl\/wszystkie-spostrzezenia\/case-studies-whitepapers\/","url":"https:\/\/dev.insights.smile.bi\/pl\/wszystkie-spostrzezenia\/case-studies-whitepapers\/","name":"Bia\u0142e ksi\u0119gi, studia przypadk\u00f3w i nie tylko - Smile Insights+","isPartOf":{"@id":"https:\/\/dev.insights.smile.bi\/pl\/#website"},"primaryImageOfPage":{"@id":"https:\/\/dev.insights.smile.bi\/pl\/wszystkie-spostrzezenia\/case-studies-whitepapers\/#primaryimage"},"image":{"@id":"https:\/\/dev.insights.smile.bi\/pl\/wszystkie-spostrzezenia\/case-studies-whitepapers\/#primaryimage"},"thumbnailUrl":"https:\/\/insights.smile.bi\/wp-content\/uploads\/2024\/05\/SAI_CaseStudy_AI_1920x1080px-2-1440x810.jpg","datePublished":"2024-05-24T06:00:00+00:00","dateModified":"2025-07-11T15:12:46+00:00","breadcrumb":{"@id":"https:\/\/dev.insights.smile.bi\/pl\/wszystkie-spostrzezenia\/case-studies-whitepapers\/#breadcrumb"},"inLanguage":"pl-PL","potentialAction":[{"@type":"ReadAction","target":["https:\/\/dev.insights.smile.bi\/pl\/wszystkie-spostrzezenia\/case-studies-whitepapers\/"]}]},{"@type":"ImageObject","inLanguage":"pl-PL","@id":"https:\/\/dev.insights.smile.bi\/pl\/wszystkie-spostrzezenia\/case-studies-whitepapers\/#primaryimage","url":"https:\/\/insights.smile.bi\/wp-content\/uploads\/2024\/05\/SAI_CaseStudy_AI_1920x1080px-2-1440x810.jpg","contentUrl":"https:\/\/insights.smile.bi\/wp-content\/uploads\/2024\/05\/SAI_CaseStudy_AI_1920x1080px-2-1440x810.jpg"},{"@type":"BreadcrumbList","@id":"https:\/\/dev.insights.smile.bi\/pl\/wszystkie-spostrzezenia\/case-studies-whitepapers\/#breadcrumb","itemListElement":[{"@type":"ListItem","position":1,"name":"Startseite","item":"https:\/\/dev.insights.smile.bi\/pl\/"},{"@type":"ListItem","position":2,"name":"Wszystkie spostrze\u017cenia","item":"https:\/\/dev.insights.smile.bi\/pl\/alle-insights\/"},{"@type":"ListItem","position":3,"name":"Bia\u0142e ksi\u0119gi, studia przypadk\u00f3w i nie tylko"}]},{"@type":"WebSite","@id":"https:\/\/dev.insights.smile.bi\/pl\/#website","url":"https:\/\/dev.insights.smile.bi\/pl\/","name":"Smile Insights+","description":"Centrum wiedzy Grupy Kaske","publisher":{"@id":"https:\/\/dev.insights.smile.bi\/pl\/#organization"},"potentialAction":[{"@type":"SearchAction","target":{"@type":"EntryPoint","urlTemplate":"https:\/\/dev.insights.smile.bi\/pl\/?s={search_term_string}"},"query-input":{"@type":"PropertyValueSpecification","valueRequired":true,"valueName":"search_term_string"}}],"inLanguage":"pl-PL"},{"@type":"Organization","@id":"https:\/\/dev.insights.smile.bi\/pl\/#organization","name":"Smile BI GmbH","url":"https:\/\/dev.insights.smile.bi\/pl\/","logo":{"@type":"ImageObject","inLanguage":"pl-PL","@id":"https:\/\/dev.insights.smile.bi\/pl\/#\/schema\/logo\/image\/","url":"https:\/\/insights.smile.bi\/wp-content\/uploads\/2021\/12\/Smile_BI-Logo.png","contentUrl":"https:\/\/insights.smile.bi\/wp-content\/uploads\/2021\/12\/Smile_BI-Logo.png","width":728,"height":190,"caption":"Smile BI GmbH"},"image":{"@id":"https:\/\/dev.insights.smile.bi\/pl\/#\/schema\/logo\/image\/"}}]}},"_links":{"self":[{"href":"https:\/\/dev.insights.smile.bi\/pl\/wp-json\/wp\/v2\/pages\/11470","targetHints":{"allow":["GET"]}}],"collection":[{"href":"https:\/\/dev.insights.smile.bi\/pl\/wp-json\/wp\/v2\/pages"}],"about":[{"href":"https:\/\/dev.insights.smile.bi\/pl\/wp-json\/wp\/v2\/types\/page"}],"author":[{"embeddable":true,"href":"https:\/\/dev.insights.smile.bi\/pl\/wp-json\/wp\/v2\/users\/41"}],"replies":[{"embeddable":true,"href":"https:\/\/dev.insights.smile.bi\/pl\/wp-json\/wp\/v2\/comments?post=11470"}],"version-history":[{"count":1,"href":"https:\/\/dev.insights.smile.bi\/pl\/wp-json\/wp\/v2\/pages\/11470\/revisions"}],"predecessor-version":[{"id":15136,"href":"https:\/\/dev.insights.smile.bi\/pl\/wp-json\/wp\/v2\/pages\/11470\/revisions\/15136"}],"up":[{"embeddable":true,"href":"https:\/\/dev.insights.smile.bi\/pl\/wp-json\/wp\/v2\/pages\/8091"}],"wp:attachment":[{"href":"https:\/\/dev.insights.smile.bi\/pl\/wp-json\/wp\/v2\/media?parent=11470"}],"curies":[{"name":"wp","href":"https:\/\/api.w.org\/{rel}","templated":true}]}}