{"id":8007,"date":"2021-12-10T08:33:48","date_gmt":"2021-12-10T07:33:48","guid":{"rendered":"https:\/\/insights.smile.bi\/?page_id=8007"},"modified":"2024-10-28T17:12:39","modified_gmt":"2024-10-28T16:12:39","slug":"smile-insightsse-predstavuje","status":"publish","type":"page","link":"https:\/\/dev.insights.smile.bi\/cs\/","title":{"rendered":"Smile Insights+<br>se p\u0159edstavuje"},"content":{"rendered":" <div class=\"read-more-button-wrap\"><a href=\"https:\/\/dev.insights.smile.bi\/cs\/\" class=\"more-link\"><span class=\"faux-button\">(Pokra\u010dov\u00e1n\u00ed textu&hellip;)<\/span> <span class=\"screen-reader-text\">\"Smile Insights+<br>se p\u0159edstavuje\"<\/span><\/a><\/div>","protected":false},"excerpt":{"rendered":"<p>(Pokra\u010dov\u00e1n\u00ed textu&hellip;) &#8222;Smile Insights+se p\u0159edstavuje&#8220;<\/p>\n","protected":false},"author":41,"featured_media":15078,"parent":0,"menu_order":1,"comment_status":"closed","ping_status":"closed","template":"templates\/template-full-width.php","meta":{"footnotes":""},"class_list":["post-8007","page","type-page","status-publish","has-post-thumbnail","hentry"],"yoast_head":"<!-- This site is optimized with the Yoast SEO plugin v25.1 - https:\/\/yoast.com\/wordpress\/plugins\/seo\/ -->\n<title>Smile Insights+se p\u0159edstavuje - Smile Insights+<\/title>\n<meta name=\"robots\" content=\"index, follow, max-snippet:-1, max-image-preview:large, max-video-preview:-1\" \/>\n<link rel=\"canonical\" href=\"https:\/\/dev.insights.smile.bi\/cs\/\" \/>\n<meta property=\"og:locale\" content=\"cs_CZ\" \/>\n<meta property=\"og:type\" content=\"article\" \/>\n<meta property=\"og:title\" content=\"Smile Insights+se p\u0159edstavuje - Smile Insights+\" \/>\n<meta property=\"og:description\" content=\"(Pokra\u010dov\u00e1n\u00ed textu&hellip;) &quot;Smile Insights+se p\u0159edstavuje&quot;\" \/>\n<meta property=\"og:url\" content=\"https:\/\/dev.insights.smile.bi\/cs\/\" \/>\n<meta property=\"og:site_name\" content=\"Smile Insights+\" \/>\n<meta property=\"article:modified_time\" content=\"2024-10-28T16:12:39+00:00\" \/>\n<meta property=\"og:image\" content=\"https:\/\/dev.insights.smile.bi\/wp-content\/uploads\/2022\/03\/sip_iStock-1312766257_1200_388_home.jpg\" \/>\n\t<meta property=\"og:image:width\" content=\"1200\" \/>\n\t<meta property=\"og:image:height\" content=\"388\" \/>\n\t<meta property=\"og:image:type\" content=\"image\/jpeg\" \/>\n<meta name=\"twitter:card\" content=\"summary_large_image\" \/>\n<meta name=\"twitter:label1\" content=\"Odhadovan\u00e1 doba \u010dten\u00ed\" \/>\n\t<meta name=\"twitter:data1\" content=\"2 minuty\" \/>\n<script type=\"application\/ld+json\" class=\"yoast-schema-graph\">{\"@context\":\"https:\/\/schema.org\",\"@graph\":[{\"@type\":\"WebPage\",\"@id\":\"https:\/\/dev.insights.smile.bi\/cs\/\",\"url\":\"https:\/\/dev.insights.smile.bi\/cs\/\",\"name\":\"Smile Insights+ se p\u0159edstavuje - Smile Insights+\",\"isPartOf\":{\"@id\":\"https:\/\/dev.insights.smile.bi\/cs\/#website\"},\"primaryImageOfPage\":{\"@id\":\"https:\/\/dev.insights.smile.bi\/cs\/#primaryimage\"},\"image\":{\"@id\":\"https:\/\/dev.insights.smile.bi\/cs\/#primaryimage\"},\"thumbnailUrl\":\"https:\/\/dev.insights.smile.bi\/wp-content\/uploads\/2025\/07\/Smile-Insights-Plus-Startseite-25-neu.jpg\",\"datePublished\":\"2021-12-10T07:33:48+00:00\",\"dateModified\":\"2024-10-28T16:12:39+00:00\",\"breadcrumb\":{\"@id\":\"https:\/\/dev.insights.smile.bi\/cs\/#breadcrumb\"},\"inLanguage\":\"cs\",\"potentialAction\":[{\"@type\":\"ReadAction\",\"target\":[\"https:\/\/dev.insights.smile.bi\/cs\/\"]}]},{\"@type\":\"ImageObject\",\"inLanguage\":\"cs\",\"@id\":\"https:\/\/dev.insights.smile.bi\/cs\/#primaryimage\",\"url\":\"https:\/\/dev.insights.smile.bi\/wp-content\/uploads\/2025\/07\/Smile-Insights-Plus-Startseite-25-neu.jpg\",\"contentUrl\":\"https:\/\/dev.insights.smile.bi\/wp-content\/uploads\/2025\/07\/Smile-Insights-Plus-Startseite-25-neu.jpg\",\"width\":1200,\"height\":338},{\"@type\":\"BreadcrumbList\",\"@id\":\"https:\/\/dev.insights.smile.bi\/cs\/#breadcrumb\",\"itemListElement\":[{\"@type\":\"ListItem\",\"position\":1,\"name\":\"Startseite\",\"item\":\"https:\/\/dev.insights.smile.bi\/cs\/\"},{\"@type\":\"ListItem\",\"position\":2,\"name\":\"Smile Insights+se p\u0159edstavuje\"}]},{\"@type\":\"WebSite\",\"@id\":\"https:\/\/dev.insights.smile.bi\/cs\/#website\",\"url\":\"https:\/\/dev.insights.smile.bi\/cs\/\",\"name\":\"Smile Insights+\",\"description\":\"Znalostn\u00ed centrum spole\u010dnosti Kaske Group\",\"publisher\":{\"@id\":\"https:\/\/dev.insights.smile.bi\/cs\/#organization\"},\"potentialAction\":[{\"@type\":\"SearchAction\",\"target\":{\"@type\":\"EntryPoint\",\"urlTemplate\":\"https:\/\/dev.insights.smile.bi\/cs\/?s={search_term_string}\"},\"query-input\":{\"@type\":\"PropertyValueSpecification\",\"valueRequired\":true,\"valueName\":\"search_term_string\"}}],\"inLanguage\":\"cs\"},{\"@type\":\"Organization\",\"@id\":\"https:\/\/dev.insights.smile.bi\/cs\/#organization\",\"name\":\"Smile BI GmbH\",\"url\":\"https:\/\/dev.insights.smile.bi\/cs\/\",\"logo\":{\"@type\":\"ImageObject\",\"inLanguage\":\"cs\",\"@id\":\"https:\/\/dev.insights.smile.bi\/cs\/#\/schema\/logo\/image\/\",\"url\":\"https:\/\/insights.smile.bi\/wp-content\/uploads\/2021\/12\/Smile_BI-Logo.png\",\"contentUrl\":\"https:\/\/insights.smile.bi\/wp-content\/uploads\/2021\/12\/Smile_BI-Logo.png\",\"width\":728,\"height\":190,\"caption\":\"Smile BI GmbH\"},\"image\":{\"@id\":\"https:\/\/dev.insights.smile.bi\/cs\/#\/schema\/logo\/image\/\"}}]}<\/script>\n<!-- \/ Yoast SEO plugin. -->","yoast_head_json":{"title":"Smile Insights+se p\u0159edstavuje - Smile Insights+","robots":{"index":"index","follow":"follow","max-snippet":"max-snippet:-1","max-image-preview":"max-image-preview:large","max-video-preview":"max-video-preview:-1"},"canonical":"https:\/\/dev.insights.smile.bi\/cs\/","og_locale":"cs_CZ","og_type":"article","og_title":"Smile Insights+se p\u0159edstavuje - Smile Insights+","og_description":"(Pokra\u010dov\u00e1n\u00ed textu&hellip;) \"Smile Insights+se p\u0159edstavuje\"","og_url":"https:\/\/dev.insights.smile.bi\/cs\/","og_site_name":"Smile Insights+","article_modified_time":"2024-10-28T16:12:39+00:00","og_image":[{"width":1200,"height":388,"url":"https:\/\/dev.insights.smile.bi\/wp-content\/uploads\/2022\/03\/sip_iStock-1312766257_1200_388_home.jpg","type":"image\/jpeg"}],"twitter_card":"summary_large_image","twitter_misc":{"Odhadovan\u00e1 doba \u010dten\u00ed":"2 minuty"},"schema":{"@context":"https:\/\/schema.org","@graph":[{"@type":"WebPage","@id":"https:\/\/dev.insights.smile.bi\/cs\/","url":"https:\/\/dev.insights.smile.bi\/cs\/","name":"Smile Insights+ se p\u0159edstavuje - Smile Insights+","isPartOf":{"@id":"https:\/\/dev.insights.smile.bi\/cs\/#website"},"primaryImageOfPage":{"@id":"https:\/\/dev.insights.smile.bi\/cs\/#primaryimage"},"image":{"@id":"https:\/\/dev.insights.smile.bi\/cs\/#primaryimage"},"thumbnailUrl":"https:\/\/dev.insights.smile.bi\/wp-content\/uploads\/2025\/07\/Smile-Insights-Plus-Startseite-25-neu.jpg","datePublished":"2021-12-10T07:33:48+00:00","dateModified":"2024-10-28T16:12:39+00:00","breadcrumb":{"@id":"https:\/\/dev.insights.smile.bi\/cs\/#breadcrumb"},"inLanguage":"cs","potentialAction":[{"@type":"ReadAction","target":["https:\/\/dev.insights.smile.bi\/cs\/"]}]},{"@type":"ImageObject","inLanguage":"cs","@id":"https:\/\/dev.insights.smile.bi\/cs\/#primaryimage","url":"https:\/\/dev.insights.smile.bi\/wp-content\/uploads\/2025\/07\/Smile-Insights-Plus-Startseite-25-neu.jpg","contentUrl":"https:\/\/dev.insights.smile.bi\/wp-content\/uploads\/2025\/07\/Smile-Insights-Plus-Startseite-25-neu.jpg","width":1200,"height":338},{"@type":"BreadcrumbList","@id":"https:\/\/dev.insights.smile.bi\/cs\/#breadcrumb","itemListElement":[{"@type":"ListItem","position":1,"name":"Startseite","item":"https:\/\/dev.insights.smile.bi\/cs\/"},{"@type":"ListItem","position":2,"name":"Smile Insights+se p\u0159edstavuje"}]},{"@type":"WebSite","@id":"https:\/\/dev.insights.smile.bi\/cs\/#website","url":"https:\/\/dev.insights.smile.bi\/cs\/","name":"Smile Insights+","description":"Znalostn\u00ed centrum spole\u010dnosti Kaske Group","publisher":{"@id":"https:\/\/dev.insights.smile.bi\/cs\/#organization"},"potentialAction":[{"@type":"SearchAction","target":{"@type":"EntryPoint","urlTemplate":"https:\/\/dev.insights.smile.bi\/cs\/?s={search_term_string}"},"query-input":{"@type":"PropertyValueSpecification","valueRequired":true,"valueName":"search_term_string"}}],"inLanguage":"cs"},{"@type":"Organization","@id":"https:\/\/dev.insights.smile.bi\/cs\/#organization","name":"Smile BI GmbH","url":"https:\/\/dev.insights.smile.bi\/cs\/","logo":{"@type":"ImageObject","inLanguage":"cs","@id":"https:\/\/dev.insights.smile.bi\/cs\/#\/schema\/logo\/image\/","url":"https:\/\/insights.smile.bi\/wp-content\/uploads\/2021\/12\/Smile_BI-Logo.png","contentUrl":"https:\/\/insights.smile.bi\/wp-content\/uploads\/2021\/12\/Smile_BI-Logo.png","width":728,"height":190,"caption":"Smile BI GmbH"},"image":{"@id":"https:\/\/dev.insights.smile.bi\/cs\/#\/schema\/logo\/image\/"}}]}},"_links":{"self":[{"href":"https:\/\/dev.insights.smile.bi\/cs\/wp-json\/wp\/v2\/pages\/8007","targetHints":{"allow":["GET"]}}],"collection":[{"href":"https:\/\/dev.insights.smile.bi\/cs\/wp-json\/wp\/v2\/pages"}],"about":[{"href":"https:\/\/dev.insights.smile.bi\/cs\/wp-json\/wp\/v2\/types\/page"}],"author":[{"embeddable":true,"href":"https:\/\/dev.insights.smile.bi\/cs\/wp-json\/wp\/v2\/users\/41"}],"replies":[{"embeddable":true,"href":"https:\/\/dev.insights.smile.bi\/cs\/wp-json\/wp\/v2\/comments?post=8007"}],"version-history":[{"count":0,"href":"https:\/\/dev.insights.smile.bi\/cs\/wp-json\/wp\/v2\/pages\/8007\/revisions"}],"wp:featuredmedia":[{"embeddable":true,"href":"https:\/\/dev.insights.smile.bi\/cs\/wp-json\/wp\/v2\/media\/15078"}],"wp:attachment":[{"href":"https:\/\/dev.insights.smile.bi\/cs\/wp-json\/wp\/v2\/media?parent=8007"}],"curies":[{"name":"wp","href":"https:\/\/api.w.org\/{rel}","templated":true}]}}